{"id":8,"date":"2019-01-09T19:57:54","date_gmt":"2019-01-09T19:57:54","guid":{"rendered":"http:\/\/wordpress.metallbau-seebach.de\/?page_id=8"},"modified":"2019-02-18T13:33:54","modified_gmt":"2019-02-18T13:33:54","slug":"anfahrt","status":"publish","type":"page","link":"https:\/\/metallbau-seebach.de\/?page_id=8","title":{"rendered":"Anfahrt"},"content":{"rendered":"\n<p><\/p>\n\n\n\n<p>So finden Sie zu uns:<\/p>\n\n\n\n<p><strong>1.) \u00dcber <a href=\"http:\/\/maps.google.de\/maps?q=Metallbau+Seebach+Derching+Augsburg+&amp;hl=de&amp;ll=48.411913,10.960193&amp;spn=0.020852,0.038581&amp;sll=48.135075,11.22545&amp;sspn=0.670883,1.234589&amp;vpsrc=6&amp;z=15&amp;iwloc=A\" target=\"_blank\" rel=\"noreferrer noopener\">Google Maps<\/a> oder direkt mit der <a href=\"http:\/\/maps.google.de\/maps?daddr=Metallbau+Seebach+in+Derching,+Winterbruckenweg+26,+86316+Friedberg&amp;hl=de&amp;sll=48.411913,10.960193&amp;sspn=0.021564,0.038581&amp;vpsrc=0&amp;mra=ls&amp;z=15\" target=\"_blank\" rel=\"noreferrer noopener\">Google-Maps-Routenplanung<\/a>.<\/strong><\/p>\n\n\n\n<p><strong>2.) Sie folgen einer unserer Beschreibungen<\/strong><\/p>\n\n\n\n<ul class=\"wp-block-list\"><li>Autobahnausfahrt &#8222;Augsburg Ost&#8220; in Richtung &#8222;Flughafen&#8220; und &#8222;ADAC-\u00dcbungsplatz&#8220;<br><br>Von\n der Autobahnausfahrt &#8222;Augsburg Ost&#8220; fahren Sie in Richtung &#8222;Flughafen&#8220; \nund biegen direkt an der 1.&nbsp;Ampel rechts in Richtung &#8222;ADAC-\u00dcbungsplatz&#8220; \nab. Dieser Stra\u00dfe folgen Sie ca.&nbsp;2&nbsp;km bis zum Stopp-Schild. Hier biegen \nSie links in die &#8222;\u00c4u\u00dfere Industriestra\u00dfe&#8220; ab. Diese fahren Sie bis zum \nEnde durch und folgen der Vorfahrtsstra\u00dfe nach rechts in den \n&#8222;Winterbruckenweg&#8220;. Nach ca. 200&nbsp;m auf der linken Seite haben Sie Ihr \nZiel erreicht.<\/li><\/ul>\n\n\n\n<ul class=\"wp-block-list\"><li>Autobahnausfahrt &#8222;Augsburg Ost&#8220; in Richtung &#8222;Augsburg&#8220;<br><br>Von \nder Autobahnausfahrt &#8222;Augsburg Ost&#8220; fahren Sie in Richtung &#8222;Augsburg&#8220; \nund biegen direkt an der 1.&nbsp;Ampel bei der &#8222;Augsburger Allgemeinen \nZeitung&#8220; links in Richtung &#8222;Industriegebiet Lechhausen&#8220; ab. Dieser \nStra\u00dfe folgen Sie bis zur 3.&nbsp;Ampel. Hier biegen Sie links in die \n&#8222;Derchinger Stra\u00dfe&#8220; ab. Nach ca.&nbsp;2&nbsp;km \u00fcberqueren Sie die Autobahn A8 und\n biegen dann direkt links in die &#8222;\u00c4u\u00dfere Industriestra\u00dfe&#8220; ab. Diese \nfahren Sie bis zum Ende durch und folgen der Vorfahrtsstra\u00dfe nach rechts\n in den &#8222;Winterbruckenweg&#8220;. Nach ca.&nbsp;200&nbsp;m auf der linken Seite haben \nSie Ihr Ziel erreicht.<\/li><\/ul>\n","protected":false},"excerpt":{"rendered":"<p>So finden Sie zu uns: 1.) \u00dcber Google Maps oder direkt mit der Google-Maps-Routenplanung. 2.) Sie folgen einer unserer Beschreibungen Autobahnausfahrt &#8222;Augsburg Ost&#8220; in Richtung &#8222;Flughafen&#8220; und &#8222;ADAC-\u00dcbungsplatz&#8220; Von der Autobahnausfahrt &#8222;Augsburg Ost&#8220; fahren Sie in Richtung &#8222;Flughafen&#8220; und biegen direkt an der 1.&nbsp;Ampel rechts in Richtung &#8222;ADAC-\u00dcbungsplatz&#8220; ab. Dieser Stra\u00dfe folgen Sie ca.&nbsp;2&nbsp;km bis zum Stopp-Schild. Hier biegen Sie links in die &#8222;\u00c4u\u00dfere Industriestra\u00dfe&#8220; ab. Diese fahren Sie bis zum Ende durch und folgen der Vorfahrtsstra\u00dfe nach rechts in den &#8222;Winterbruckenweg&#8220;. Nach ca. 200&nbsp;m auf der linken Seite haben Sie Ihr Ziel erreicht. Autobahnausfahrt &#8222;Augsburg Ost&#8220; in Richtung &#8222;Augsburg&#8220; Von der Autobahnausfahrt &#8222;Augsburg Ost&#8220; fahren Sie in Richtung &#8222;Augsburg&#8220; und biegen direkt an der 1.&nbsp;Ampel bei der &#8222;Augsburger Allgemeinen Zeitung&#8220; links in Richtung &#8222;Industriegebiet Lechhausen&#8220; ab. Dieser Stra\u00dfe folgen Sie bis zur 3.&nbsp;Ampel. Hier biegen Sie links in die &#8222;Derchinger Stra\u00dfe&#8220; ab. Nach ca.&nbsp;2&nbsp;km \u00fcberqueren Sie die Autobahn A8 und biegen dann direkt links in die &#8222;\u00c4u\u00dfere Industriestra\u00dfe&#8220; ab. Diese fahren Sie bis zum Ende durch und folgen der Vorfahrtsstra\u00dfe nach rechts in den &#8222;Winterbruckenweg&#8220;. Nach ca.&nbsp;200&nbsp;m auf der linken Seite haben Sie Ihr Ziel erreicht.<\/p>\n","protected":false},"author":1,"featured_media":0,"parent":0,"menu_order":0,"comment_status":"closed","ping_status":"closed","template":"","meta":{"ngg_post_thumbnail":0,"footnotes":""},"class_list":["post-8","page","type-page","status-publish","hentry"],"acf":[],"_links":{"self":[{"href":"https:\/\/metallbau-seebach.de\/index.php?rest_route=\/wp\/v2\/pages\/8","targetHints":{"allow":["GET"]}}],"collection":[{"href":"https:\/\/metallbau-seebach.de\/index.php?rest_route=\/wp\/v2\/pages"}],"about":[{"href":"https:\/\/metallbau-seebach.de\/index.php?rest_route=\/wp\/v2\/types\/page"}],"author":[{"embeddable":true,"href":"https:\/\/metallbau-seebach.de\/index.php?rest_route=\/wp\/v2\/users\/1"}],"replies":[{"embeddable":true,"href":"https:\/\/metallbau-seebach.de\/index.php?rest_route=%2Fwp%2Fv2%2Fcomments&post=8"}],"version-history":[{"count":5,"href":"https:\/\/metallbau-seebach.de\/index.php?rest_route=\/wp\/v2\/pages\/8\/revisions"}],"predecessor-version":[{"id":430,"href":"https:\/\/metallbau-seebach.de\/index.php?rest_route=\/wp\/v2\/pages\/8\/revisions\/430"}],"wp:attachment":[{"href":"https:\/\/metallbau-seebach.de\/index.php?rest_route=%2Fwp%2Fv2%2Fmedia&parent=8"}],"curies":[{"name":"wp","href":"https:\/\/api.w.org\/{rel}","templated":true}]}}